{"id":9426,"date":"2023-06-20T23:03:50","date_gmt":"2023-06-20T21:03:50","guid":{"rendered":"https:\/\/ewts.it\/informacion-sobre-el-envio\/"},"modified":"2023-07-03T19:45:12","modified_gmt":"2023-07-03T17:45:12","slug":"informacion-sobre-el-envio","status":"publish","type":"page","link":"https:\/\/ewts.it\/es\/informacion-sobre-el-envio\/","title":{"rendered":"Informac\u00edon sobre el env\u00edo"},"content":{"rendered":"\t\t<div data-elementor-type=\"wp-page\" data-elementor-id=\"9426\" class=\"elementor elementor-9426 elementor-1523\" data-elementor-post-type=\"page\">\n\t\t\t\t\t\t<section class=\"elementor-section elementor-top-section elementor-element elementor-element-67658d4 elementor-section-height-min-height elementor-section-items-bottom elementor-section-boxed elementor-section-height-default\" data-id=\"67658d4\" data-element_type=\"section\" data-e-type=\"section\">\r\n\t\t\t\t\t\t<div class=\"elementor-container elementor-column-gap-thegem\"><div class=\"elementor-row\">\r\n\t\t\t\t\t<div class=\"elementor-column elementor-col-100 elementor-top-column elementor-element elementor-element-cd41e90\" data-id=\"cd41e90\" data-element_type=\"column\" data-e-type=\"column\">\n\t\t\t<div class=\"elementor-widget-wrap elementor-element-populated\">\n\t\t\t\t\t\t<div class=\"elementor-element elementor-element-7879cb4 elementor-view-default flex-horizontal-align-default flex-horizontal-align-tablet-default flex-horizontal-align-mobile-default flex-vertical-align-default flex-vertical-align-tablet-default flex-vertical-align-mobile-default elementor-widget elementor-widget-icon\" data-id=\"7879cb4\" data-element_type=\"widget\" data-e-type=\"widget\" data-widget_type=\"icon.default\">\n\t\t\t\t<div class=\"elementor-widget-container\">\n\t\t\t\t\t\t\t<div class=\"elementor-icon-wrapper\">\n\t\t\t<div class=\"elementor-icon\">\n\t\t\t<i aria-hidden=\"true\" class=\"fas fa-truck-loading\"><\/i>\t\t\t<\/div>\n\t\t<\/div>\n\t\t\t\t\t\t<\/div>\n\t\t\t\t<\/div>\n\t\t\t\t<div class=\"elementor-element elementor-element-c79498e flex-horizontal-align-default flex-horizontal-align-tablet-default flex-horizontal-align-mobile-default flex-vertical-align-default flex-vertical-align-tablet-default flex-vertical-align-mobile-default elementor-widget elementor-widget-heading\" data-id=\"c79498e\" data-element_type=\"widget\" data-e-type=\"widget\" data-widget_type=\"heading.default\">\n\t\t\t\t<div class=\"elementor-widget-container\">\n\t\t\t\t\t<h2 class=\"elementor-heading-title elementor-size-default\">Informac\u00edon sobre el env\u00edo<\/h2>\t\t\t\t<\/div>\n\t\t\t\t<\/div>\n\t\t\t\t\t<\/div>\n\t\t<\/div>\n\t\t\t\t\t<\/div><\/div>\r\n\t\t<\/section>\r\n\t\t\t\t<section class=\"elementor-section elementor-top-section elementor-element elementor-element-e875b26 elementor-section-boxed elementor-section-height-default elementor-section-height-default\" data-id=\"e875b26\" data-element_type=\"section\" data-e-type=\"section\">\r\n\t\t\t\t\t\t<div class=\"elementor-container elementor-column-gap-thegem\"><div class=\"elementor-row\">\r\n\t\t\t\t\t<div class=\"elementor-column elementor-col-100 elementor-top-column elementor-element elementor-element-5ccb59f\" data-id=\"5ccb59f\" data-element_type=\"column\" data-e-type=\"column\">\n\t\t\t<div class=\"elementor-widget-wrap elementor-element-populated\">\n\t\t\t\t\t\t<div class=\"elementor-element elementor-element-c9e662c flex-horizontal-align-default flex-horizontal-align-tablet-default flex-horizontal-align-mobile-default flex-vertical-align-default flex-vertical-align-tablet-default flex-vertical-align-mobile-default elementor-widget elementor-widget-text-editor\" data-id=\"c9e662c\" data-element_type=\"widget\" data-e-type=\"widget\" data-widget_type=\"text-editor.default\">\n\t\t\t\t<div class=\"elementor-widget-container\">\n\t\t\t\t\t\t\t\t\t\t\t\t<div class=\"elementor-text-editor elementor-clearfix\">\r\n\t\t\t\t\t\t<h6 style=\"text-align: center;\">Utilizamos el env\u00edo de tarifa plana a trav\u00e9s de Correos para nuestros pedidos.<\/h6>\n\t\t\t\t\t\t\t<\/div>\r\n\t\t\t\t\t\t\t\t\t\t<\/div>\n\t\t\t\t<\/div>\n\t\t\t\t<div class=\"elementor-element elementor-element-6208f8b elementor-alert-info flex-horizontal-align-default flex-horizontal-align-tablet-default flex-horizontal-align-mobile-default flex-vertical-align-default flex-vertical-align-tablet-default flex-vertical-align-mobile-default elementor-widget elementor-widget-alert\" data-id=\"6208f8b\" data-element_type=\"widget\" data-e-type=\"widget\" data-widget_type=\"alert.default\">\n\t\t\t\t<div class=\"elementor-widget-container\">\n\t\t\t\t\t\t\t<div class=\"elementor-alert\" role=\"alert\">\n\n\t\t\t\t\t\t<span class=\"elementor-alert-title\">Env\u00edo gratuito en pedidos superiores a 40\u20ac. <\/span>\n\t\t\t\n\t\t\t\n\t\t\t\n\t\t<\/div>\n\t\t\t\t\t\t<\/div>\n\t\t\t\t<\/div>\n\t\t\t\t<div class=\"elementor-element elementor-element-a62c1d9 elementor-alert-info flex-horizontal-align-default flex-horizontal-align-tablet-default flex-horizontal-align-mobile-default flex-vertical-align-default flex-vertical-align-tablet-default flex-vertical-align-mobile-default elementor-widget elementor-widget-alert\" data-id=\"a62c1d9\" data-element_type=\"widget\" data-e-type=\"widget\" data-widget_type=\"alert.default\">\n\t\t\t\t<div class=\"elementor-widget-container\">\n\t\t\t\t\t\t\t<div class=\"elementor-alert\" role=\"alert\">\n\n\t\t\t\t\t\t<span class=\"elementor-alert-title\">Atenci\u00f3n: Por el momento s\u00f3lo enviamos a Espa\u00f1a e Italia. Pronto llegaremos a m\u00e1s pa\u00edses europeos.<\/span>\n\t\t\t\n\t\t\t\n\t\t\t\n\t\t<\/div>\n\t\t\t\t\t\t<\/div>\n\t\t\t\t<\/div>\n\t\t\t\t\t<\/div>\n\t\t<\/div>\n\t\t\t\t\t<\/div><\/div>\r\n\t\t<\/section>\r\n\t\t<div class=\"elementor-element elementor-element-ea1ff66 thegem-e-con-layout-elementor e-flex e-con-boxed e-con e-parent\" data-id=\"ea1ff66\" data-element_type=\"container\" data-e-type=\"container\" data-settings=\"{&quot;thegem_container_layout&quot;:&quot;elementor&quot;}\">\r\n\t\t\t\t\t<div class=\"e-con-inner\">\r\n\t\t<div class=\"elementor-element elementor-element-b9b11f9 e-con-full thegem-e-con-layout-elementor e-flex e-con e-parent\" data-id=\"b9b11f9\" data-element_type=\"container\" data-e-type=\"container\" data-settings=\"{&quot;thegem_container_layout&quot;:&quot;elementor&quot;}\">\r\n\t\t\t\t<div class=\"elementor-element elementor-element-c50b0ed flex-horizontal-align-default flex-horizontal-align-tablet-default flex-horizontal-align-mobile-default flex-vertical-align-default flex-vertical-align-tablet-default flex-vertical-align-mobile-default elementor-widget elementor-widget-heading\" data-id=\"c50b0ed\" data-element_type=\"widget\" data-e-type=\"widget\" data-widget_type=\"heading.default\">\n\t\t\t\t<div class=\"elementor-widget-container\">\n\t\t\t\t\t<h5 class=\"elementor-heading-title elementor-size-default\">Provincia de Barcelona<\/h5>\t\t\t\t<\/div>\n\t\t\t\t<\/div>\n\t\t\t\t<div class=\"elementor-element elementor-element-b86bec0 elementor-tabs-view-horizontal flex-horizontal-align-default flex-horizontal-align-tablet-default flex-horizontal-align-mobile-default flex-vertical-align-default flex-vertical-align-tablet-default flex-vertical-align-mobile-default elementor-widget elementor-widget-tabs\" data-id=\"b86bec0\" data-element_type=\"widget\" data-e-type=\"widget\" data-widget_type=\"tabs.default\">\n\t\t\t\t<div class=\"elementor-widget-container\">\n\t\t\t\t\t\t\t<div class=\"elementor-tabs\">\n\t\t\t<div class=\"elementor-tabs-wrapper\" role=\"tablist\" >\n\t\t\t\t\t\t\t\t\t<div id=\"elementor-tab-title-1931\" class=\"elementor-tab-title elementor-tab-desktop-title\" aria-selected=\"true\" data-tab=\"1\" role=\"tab\" tabindex=\"0\" aria-controls=\"elementor-tab-content-1931\" aria-expanded=\"false\">1 bag of Black Magic RV<\/div>\n\t\t\t\t\t\t\t\t\t<div id=\"elementor-tab-title-1932\" class=\"elementor-tab-title elementor-tab-desktop-title\" aria-selected=\"false\" data-tab=\"2\" role=\"tab\" tabindex=\"-1\" aria-controls=\"elementor-tab-content-1932\" aria-expanded=\"false\">2 bags of Black Magic RV<\/div>\n\t\t\t\t\t\t\t\t\t<div id=\"elementor-tab-title-1933\" class=\"elementor-tab-title elementor-tab-desktop-title\" aria-selected=\"false\" data-tab=\"3\" role=\"tab\" tabindex=\"-1\" aria-controls=\"elementor-tab-content-1933\" aria-expanded=\"false\">> 3 bags of Black Magic RV<\/div>\n\t\t\t\t\t\t\t<\/div>\n\t\t\t<div class=\"elementor-tabs-content-wrapper\" role=\"tablist\" aria-orientation=\"vertical\">\n\t\t\t\t\t\t\t\t\t<div class=\"elementor-tab-title elementor-tab-mobile-title\" aria-selected=\"true\" data-tab=\"1\" role=\"tab\" tabindex=\"0\" aria-controls=\"elementor-tab-content-1931\" aria-expanded=\"false\">1 bag of Black Magic RV<\/div>\n\t\t\t\t\t<div id=\"elementor-tab-content-1931\" class=\"elementor-tab-content elementor-clearfix\" data-tab=\"1\" role=\"tabpanel\" aria-labelledby=\"elementor-tab-title-1931\" tabindex=\"0\" hidden=\"false\"><p>Gastos de env\u00edo por <strong>\u20ac3,60 <\/strong>euros. entre <strong>48-72 horas<\/strong> en d\u00edas laborales<\/p><\/div>\n\t\t\t\t\t\t\t\t\t<div class=\"elementor-tab-title elementor-tab-mobile-title\" aria-selected=\"false\" data-tab=\"2\" role=\"tab\" tabindex=\"-1\" aria-controls=\"elementor-tab-content-1932\" aria-expanded=\"false\">2 bags of Black Magic RV<\/div>\n\t\t\t\t\t<div id=\"elementor-tab-content-1932\" class=\"elementor-tab-content elementor-clearfix\" data-tab=\"2\" role=\"tabpanel\" aria-labelledby=\"elementor-tab-title-1932\" tabindex=\"0\" hidden=\"hidden\"><p>Gastos de env\u00edo por <strong>\u20ac3,80 <\/strong>euros. entre <strong>48-72 horas<\/strong> en d\u00edas laborales.<!-- [if gte mso 10]><\/p>\n<style>\n \/* Style Definitions *\/<br \/> table.MsoNormalTable<br \/>\t{mso-style-name:\"Table Normal\";<br \/>\tmso-tstyle-rowband-size:0;<br \/>\tmso-tstyle-colband-size:0;<br \/>\tmso-style-noshow:yes;<br \/>\tmso-style-priority:99;<br \/>\tmso-style-parent:\"\";<br \/>\tmso-padding-alt:0in 5.4pt 0in 5.4pt;<br \/>\tmso-para-margin-top:0in;<br \/>\tmso-para-margin-right:0in;<br \/>\tmso-para-margin-bottom:10.0pt;<br \/>\tmso-para-margin-left:0in;<br \/>\tline-height:115%;<br \/>\tmso-pagination:widow-orphan;<br \/>\tfont-size:11.0pt;<br \/>\tfont-family:\"Calibri\",sans-serif;<br \/>\tmso-ascii-font-family:Calibri;<br \/>\tmso-ascii-theme-font:minor-latin;<br \/>\tmso-hansi-font-family:Calibri;<br \/>\tmso-hansi-theme-font:minor-latin;<br \/>\tmso-bidi-font-family:\"Times New Roman\";<br \/>\tmso-bidi-theme-font:minor-bidi;}<br \/><\/style>\n<p><![endif]--><\/p><p><!-- [if gte mso 9]><xml><\/p>\n<p>  Normal<br \/>  0<\/p>\n<p>  false<br \/>  false<br \/>  false<\/p>\n<p>  EN-US<br \/>  X-NONE<br \/>  X-NONE<\/p>\n<p>   <m:mathFont m:val=\"Cambria Math\"><br \/>   <m:brkBin m:val=\"before\"><br \/>   <m:brkBinSub m:val=\"--\"><br \/>   <m:smallFrac m:val=\"off\"><\/p>\n<p>   <m:lMargin m:val=\"0\"><br \/>   <m:rMargin m:val=\"0\"><br \/>   <m:defJc m:val=\"centerGroup\"><br \/>   <m:wrapIndent m:val=\"1440\"><br \/>   <m:intLim m:val=\"subSup\"><br \/>   <m:naryLim m:val=\"undOvr\"><\/p>\n<p><\/xml><![endif]--><\/p><\/div>\n\t\t\t\t\t\t\t\t\t<div class=\"elementor-tab-title elementor-tab-mobile-title\" aria-selected=\"false\" data-tab=\"3\" role=\"tab\" tabindex=\"-1\" aria-controls=\"elementor-tab-content-1933\" aria-expanded=\"false\">> 3 bags of Black Magic RV<\/div>\n\t\t\t\t\t<div id=\"elementor-tab-content-1933\" class=\"elementor-tab-content elementor-clearfix\" data-tab=\"3\" role=\"tabpanel\" aria-labelledby=\"elementor-tab-title-1933\" tabindex=\"0\" hidden=\"hidden\"><p>Env\u00edo <strong>gratuito<\/strong> entre <strong>48-72 horas<\/strong> en d\u00edas laborales.<\/p><\/div>\n\t\t\t\t\t\t\t<\/div>\n\t\t<\/div>\n\t\t\t\t\t\t<\/div>\n\t\t\t\t<\/div>\n\t\t\t\t<\/div>\n\t\t\t\t\t<\/div>\n\t\t\t\t<\/div>\n\t\t<div class=\"elementor-element elementor-element-d64db23 thegem-e-con-layout-elementor e-flex e-con-boxed e-con e-parent\" data-id=\"d64db23\" data-element_type=\"container\" data-e-type=\"container\" data-settings=\"{&quot;thegem_container_layout&quot;:&quot;elementor&quot;}\">\r\n\t\t\t\t\t<div class=\"e-con-inner\">\r\n\t\t<div class=\"elementor-element elementor-element-01aa2e8 e-con-full thegem-e-con-layout-elementor e-flex e-con e-parent\" data-id=\"01aa2e8\" data-element_type=\"container\" data-e-type=\"container\" data-settings=\"{&quot;thegem_container_layout&quot;:&quot;elementor&quot;}\">\r\n\t\t\t\t<div class=\"elementor-element elementor-element-0cbf89b flex-horizontal-align-default flex-horizontal-align-tablet-default flex-horizontal-align-mobile-default flex-vertical-align-default flex-vertical-align-tablet-default flex-vertical-align-mobile-default elementor-widget elementor-widget-heading\" data-id=\"0cbf89b\" data-element_type=\"widget\" data-e-type=\"widget\" data-widget_type=\"heading.default\">\n\t\t\t\t<div class=\"elementor-widget-container\">\n\t\t\t\t\t<h5 class=\"elementor-heading-title elementor-size-default\">Pen\u00ednsula Ib\u00e9rica\n<\/h5>\t\t\t\t<\/div>\n\t\t\t\t<\/div>\n\t\t\t\t<div class=\"elementor-element elementor-element-bef8743 elementor-tabs-view-horizontal flex-horizontal-align-default flex-horizontal-align-tablet-default flex-horizontal-align-mobile-default flex-vertical-align-default flex-vertical-align-tablet-default flex-vertical-align-mobile-default elementor-widget elementor-widget-tabs\" data-id=\"bef8743\" data-element_type=\"widget\" data-e-type=\"widget\" data-widget_type=\"tabs.default\">\n\t\t\t\t<div class=\"elementor-widget-container\">\n\t\t\t\t\t\t\t<div class=\"elementor-tabs\">\n\t\t\t<div class=\"elementor-tabs-wrapper\" role=\"tablist\" >\n\t\t\t\t\t\t\t\t\t<div id=\"elementor-tab-title-2001\" class=\"elementor-tab-title elementor-tab-desktop-title\" aria-selected=\"true\" data-tab=\"1\" role=\"tab\" tabindex=\"0\" aria-controls=\"elementor-tab-content-2001\" aria-expanded=\"false\">1-2 bags of Black Magic RV<\/div>\n\t\t\t\t\t\t\t\t\t<div id=\"elementor-tab-title-2002\" class=\"elementor-tab-title elementor-tab-desktop-title\" aria-selected=\"false\" data-tab=\"2\" role=\"tab\" tabindex=\"-1\" aria-controls=\"elementor-tab-content-2002\" aria-expanded=\"false\">> 3 bags of Black Magic RV<\/div>\n\t\t\t\t\t\t\t<\/div>\n\t\t\t<div class=\"elementor-tabs-content-wrapper\" role=\"tablist\" aria-orientation=\"vertical\">\n\t\t\t\t\t\t\t\t\t<div class=\"elementor-tab-title elementor-tab-mobile-title\" aria-selected=\"true\" data-tab=\"1\" role=\"tab\" tabindex=\"0\" aria-controls=\"elementor-tab-content-2001\" aria-expanded=\"false\">1-2 bags of Black Magic RV<\/div>\n\t\t\t\t\t<div id=\"elementor-tab-content-2001\" class=\"elementor-tab-content elementor-clearfix\" data-tab=\"1\" role=\"tabpanel\" aria-labelledby=\"elementor-tab-title-2001\" tabindex=\"0\" hidden=\"false\"><p>Gastos de env\u00edo por <strong>\u20ac4,60 <\/strong>euros. entre <strong>48-72 horas<\/strong> en d\u00edas laborales<\/p><\/div>\n\t\t\t\t\t\t\t\t\t<div class=\"elementor-tab-title elementor-tab-mobile-title\" aria-selected=\"false\" data-tab=\"2\" role=\"tab\" tabindex=\"-1\" aria-controls=\"elementor-tab-content-2002\" aria-expanded=\"false\">> 3 bags of Black Magic RV<\/div>\n\t\t\t\t\t<div id=\"elementor-tab-content-2002\" class=\"elementor-tab-content elementor-clearfix\" data-tab=\"2\" role=\"tabpanel\" aria-labelledby=\"elementor-tab-title-2002\" tabindex=\"0\" hidden=\"hidden\"><p>Env\u00edo <strong>gratuito<\/strong> entre <strong>48-72 horas<\/strong> en d\u00edas laborales<!-- [if gte mso 10]><\/p>\n\n\n\n\n<style>\n \/* Style Definitions *\/<br \/> table.MsoNormalTable<br \/>\t{mso-style-name:\"Table Normal\";<br \/>\tmso-tstyle-rowband-size:0;<br \/>\tmso-tstyle-colband-size:0;<br \/>\tmso-style-noshow:yes;<br \/>\tmso-style-priority:99;<br \/>\tmso-style-parent:\"\";<br \/>\tmso-padding-alt:0in 5.4pt 0in 5.4pt;<br \/>\tmso-para-margin-top:0in;<br \/>\tmso-para-margin-right:0in;<br \/>\tmso-para-margin-bottom:10.0pt;<br \/>\tmso-para-margin-left:0in;<br \/>\tline-height:115%;<br \/>\tmso-pagination:widow-orphan;<br \/>\tfont-size:11.0pt;<br \/>\tfont-family:\"Calibri\",sans-serif;<br \/>\tmso-ascii-font-family:Calibri;<br \/>\tmso-ascii-theme-font:minor-latin;<br \/>\tmso-hansi-font-family:Calibri;<br \/>\tmso-hansi-theme-font:minor-latin;<br \/>\tmso-bidi-font-family:\"Times New Roman\";<br \/>\tmso-bidi-theme-font:minor-bidi;}<br \/><\/style>\n\n\n\n\n<p><![endif]--><\/p>\n<p><!-- [if gte mso 9]><xml>\n\n  Normal<br \/>  0\n\n  \n\n  <br \/>  false<br \/>  false<br \/>  false\n\n  EN-US<br \/>  X-NONE<br \/>  X-NONE\n\n   \n\n   \n\n   \n\n   \n\n   \n\n  <br \/>   <m:mathFont m:val=\"Cambria Math\"><br \/>   <m:brkBin m:val=\"before\"><br \/>   <m:brkBinSub m:val=\"--\"><br \/>   <m:smallFrac m:val=\"off\">\n\n   <m:lMargin m:val=\"0\"><br \/>   <m:rMargin m:val=\"0\"><br \/>   <m:defJc m:val=\"centerGroup\"><br \/>   <m:wrapIndent m:val=\"1440\"><br \/>   <m:intLim m:val=\"subSup\"><br \/>   <m:naryLim m:val=\"undOvr\">\n\n<\/xml><![endif]--><\/p>\n<\/div>\n\t\t\t\t\t\t\t<\/div>\n\t\t<\/div>\n\t\t\t\t\t\t<\/div>\n\t\t\t\t<\/div>\n\t\t\t\t<\/div>\n\t\t\t\t\t<\/div>\n\t\t\t\t<\/div>\n\t\t<div class=\"elementor-element elementor-element-bd0e3e1 thegem-e-con-layout-elementor e-flex e-con-boxed e-con e-parent\" data-id=\"bd0e3e1\" data-element_type=\"container\" data-e-type=\"container\" data-settings=\"{&quot;thegem_container_layout&quot;:&quot;elementor&quot;}\">\r\n\t\t\t\t\t<div class=\"e-con-inner\">\r\n\t\t<div class=\"elementor-element elementor-element-eb7a6bd e-con-full thegem-e-con-layout-elementor e-flex e-con e-parent\" data-id=\"eb7a6bd\" data-element_type=\"container\" data-e-type=\"container\" data-settings=\"{&quot;thegem_container_layout&quot;:&quot;elementor&quot;}\">\r\n\t\t\t\t<div class=\"elementor-element elementor-element-3969f36 flex-horizontal-align-default flex-horizontal-align-tablet-default flex-horizontal-align-mobile-default flex-vertical-align-default flex-vertical-align-tablet-default flex-vertical-align-mobile-default elementor-widget elementor-widget-heading\" data-id=\"3969f36\" data-element_type=\"widget\" data-e-type=\"widget\" data-widget_type=\"heading.default\">\n\t\t\t\t<div class=\"elementor-widget-container\">\n\t\t\t\t\t<h5 class=\"elementor-heading-title elementor-size-default\">Balerares, Ceuta o Melilla<\/h5>\t\t\t\t<\/div>\n\t\t\t\t<\/div>\n\t\t\t\t<div class=\"elementor-element elementor-element-5d399ff elementor-tabs-view-horizontal flex-horizontal-align-default flex-horizontal-align-tablet-default flex-horizontal-align-mobile-default flex-vertical-align-default flex-vertical-align-tablet-default flex-vertical-align-mobile-default elementor-widget elementor-widget-tabs\" data-id=\"5d399ff\" data-element_type=\"widget\" data-e-type=\"widget\" data-widget_type=\"tabs.default\">\n\t\t\t\t<div class=\"elementor-widget-container\">\n\t\t\t\t\t\t\t<div class=\"elementor-tabs\">\n\t\t\t<div class=\"elementor-tabs-wrapper\" role=\"tablist\" >\n\t\t\t\t\t\t\t\t\t<div id=\"elementor-tab-title-9771\" class=\"elementor-tab-title elementor-tab-desktop-title\" aria-selected=\"true\" data-tab=\"1\" role=\"tab\" tabindex=\"0\" aria-controls=\"elementor-tab-content-9771\" aria-expanded=\"false\">1 bag of Black Magic RV<\/div>\n\t\t\t\t\t\t\t\t\t<div id=\"elementor-tab-title-9772\" class=\"elementor-tab-title elementor-tab-desktop-title\" aria-selected=\"false\" data-tab=\"2\" role=\"tab\" tabindex=\"-1\" aria-controls=\"elementor-tab-content-9772\" aria-expanded=\"false\">2 bags of Black Magic RV<\/div>\n\t\t\t\t\t\t\t\t\t<div id=\"elementor-tab-title-9773\" class=\"elementor-tab-title elementor-tab-desktop-title\" aria-selected=\"false\" data-tab=\"3\" role=\"tab\" tabindex=\"-1\" aria-controls=\"elementor-tab-content-9773\" aria-expanded=\"false\">> 3 bags of Black Magic RV<\/div>\n\t\t\t\t\t\t\t<\/div>\n\t\t\t<div class=\"elementor-tabs-content-wrapper\" role=\"tablist\" aria-orientation=\"vertical\">\n\t\t\t\t\t\t\t\t\t<div class=\"elementor-tab-title elementor-tab-mobile-title\" aria-selected=\"true\" data-tab=\"1\" role=\"tab\" tabindex=\"0\" aria-controls=\"elementor-tab-content-9771\" aria-expanded=\"false\">1 bag of Black Magic RV<\/div>\n\t\t\t\t\t<div id=\"elementor-tab-content-9771\" class=\"elementor-tab-content elementor-clearfix\" data-tab=\"1\" role=\"tabpanel\" aria-labelledby=\"elementor-tab-title-9771\" tabindex=\"0\" hidden=\"false\"><p>Gastos de env\u00edo por <strong>\u20ac5,60 <\/strong>euros. entre <strong>48-72 horas<\/strong> en d\u00edas laborales<\/p><\/div>\n\t\t\t\t\t\t\t\t\t<div class=\"elementor-tab-title elementor-tab-mobile-title\" aria-selected=\"false\" data-tab=\"2\" role=\"tab\" tabindex=\"-1\" aria-controls=\"elementor-tab-content-9772\" aria-expanded=\"false\">2 bags of Black Magic RV<\/div>\n\t\t\t\t\t<div id=\"elementor-tab-content-9772\" class=\"elementor-tab-content elementor-clearfix\" data-tab=\"2\" role=\"tabpanel\" aria-labelledby=\"elementor-tab-title-9772\" tabindex=\"0\" hidden=\"hidden\"><p>Gastos de env\u00edo por <strong>\u20ac6,50 <\/strong>euros. entre <strong>48-72 horas<\/strong> en d\u00edas laborales<!-- [if gte mso 10]><\/p>\n<style>\n \/* Style Definitions *\/<br \/> table.MsoNormalTable<br \/>\t{mso-style-name:\"Table Normal\";<br \/>\tmso-tstyle-rowband-size:0;<br \/>\tmso-tstyle-colband-size:0;<br \/>\tmso-style-noshow:yes;<br \/>\tmso-style-priority:99;<br \/>\tmso-style-parent:\"\";<br \/>\tmso-padding-alt:0in 5.4pt 0in 5.4pt;<br \/>\tmso-para-margin-top:0in;<br \/>\tmso-para-margin-right:0in;<br \/>\tmso-para-margin-bottom:10.0pt;<br \/>\tmso-para-margin-left:0in;<br \/>\tline-height:115%;<br \/>\tmso-pagination:widow-orphan;<br \/>\tfont-size:11.0pt;<br \/>\tfont-family:\"Calibri\",sans-serif;<br \/>\tmso-ascii-font-family:Calibri;<br \/>\tmso-ascii-theme-font:minor-latin;<br \/>\tmso-hansi-font-family:Calibri;<br \/>\tmso-hansi-theme-font:minor-latin;<br \/>\tmso-bidi-font-family:\"Times New Roman\";<br \/>\tmso-bidi-theme-font:minor-bidi;}<br \/><\/style>\n<p><![endif]--><\/p><p><!-- [if gte mso 9]><xml><\/p>\n<p>  Normal<br \/>  0<\/p>\n<p>  false<br \/>  false<br \/>  false<\/p>\n<p>  EN-US<br \/>  X-NONE<br \/>  X-NONE<\/p>\n<p>   <m:mathFont m:val=\"Cambria Math\"><br \/>   <m:brkBin m:val=\"before\"><br \/>   <m:brkBinSub m:val=\"--\"><br \/>   <m:smallFrac m:val=\"off\"><\/p>\n<p>   <m:lMargin m:val=\"0\"><br \/>   <m:rMargin m:val=\"0\"><br \/>   <m:defJc m:val=\"centerGroup\"><br \/>   <m:wrapIndent m:val=\"1440\"><br \/>   <m:intLim m:val=\"subSup\"><br \/>   <m:naryLim m:val=\"undOvr\"><\/p>\n<p><\/xml><![endif]--><\/p><\/div>\n\t\t\t\t\t\t\t\t\t<div class=\"elementor-tab-title elementor-tab-mobile-title\" aria-selected=\"false\" data-tab=\"3\" role=\"tab\" tabindex=\"-1\" aria-controls=\"elementor-tab-content-9773\" aria-expanded=\"false\">> 3 bags of Black Magic RV<\/div>\n\t\t\t\t\t<div id=\"elementor-tab-content-9773\" class=\"elementor-tab-content elementor-clearfix\" data-tab=\"3\" role=\"tabpanel\" aria-labelledby=\"elementor-tab-title-9773\" tabindex=\"0\" hidden=\"hidden\"><p>Env\u00edo <strong>gratuito<\/strong> entre <strong>48-72 horas<\/strong> en d\u00edas laborales<\/p><\/div>\n\t\t\t\t\t\t\t<\/div>\n\t\t<\/div>\n\t\t\t\t\t\t<\/div>\n\t\t\t\t<\/div>\n\t\t\t\t<\/div>\n\t\t\t\t\t<\/div>\n\t\t\t\t<\/div>\n\t\t\t\t<\/div>\n\t\t","protected":false},"excerpt":{"rendered":"<p>Informac\u00edon sobre el env\u00edo Utilizamos el env\u00edo de tarifa plana a trav\u00e9s de Correos para nuestros pedidos. Env\u00edo gratuito en&#8230;<\/p>\n","protected":false},"author":1,"featured_media":0,"parent":0,"menu_order":0,"comment_status":"closed","ping_status":"closed","template":"page-fullwidth.php","meta":{"footnotes":""},"class_list":["post-9426","page","type-page","status-publish"],"_links":{"self":[{"href":"https:\/\/ewts.it\/es\/wp-json\/wp\/v2\/pages\/9426","targetHints":{"allow":["GET"]}}],"collection":[{"href":"https:\/\/ewts.it\/es\/wp-json\/wp\/v2\/pages"}],"about":[{"href":"https:\/\/ewts.it\/es\/wp-json\/wp\/v2\/types\/page"}],"author":[{"embeddable":true,"href":"https:\/\/ewts.it\/es\/wp-json\/wp\/v2\/users\/1"}],"replies":[{"embeddable":true,"href":"https:\/\/ewts.it\/es\/wp-json\/wp\/v2\/comments?post=9426"}],"version-history":[{"count":8,"href":"https:\/\/ewts.it\/es\/wp-json\/wp\/v2\/pages\/9426\/revisions"}],"predecessor-version":[{"id":10117,"href":"https:\/\/ewts.it\/es\/wp-json\/wp\/v2\/pages\/9426\/revisions\/10117"}],"wp:attachment":[{"href":"https:\/\/ewts.it\/es\/wp-json\/wp\/v2\/media?parent=9426"}],"curies":[{"name":"wp","href":"https:\/\/api.w.org\/{rel}","templated":true}]}}