{"id":11276,"date":"2023-06-08T23:16:19","date_gmt":"2023-06-08T21:16:19","guid":{"rendered":"https:\/\/ewts.it\/product\/grey-wonder\/"},"modified":"2024-11-29T23:00:07","modified_gmt":"2024-11-29T22:00:07","slug":"grey-wonder","status":"publish","type":"product","link":"https:\/\/ewts.it\/es\/shop\/grey-wonder\/","title":{"rendered":"Grey Wonder"},"content":{"rendered":"","protected":false},"excerpt":{"rendered":"<p>Este maravilloso polvo bloquea el crecimiento de la suciedad y de las bacterias que producen olores desagradables. Tambi\u00e9n limpia y desinfecta el interior de tus desag\u00fces y del dep\u00f3sito de aguas residuales.<\/p>\n","protected":false},"featured_media":11155,"template":"","meta":[],"product_brand":[],"product_cat":[115,83,116],"product_tag":[132],"class_list":{"0":"post-11276","1":"product","2":"type-product","3":"status-publish","4":"has-post-thumbnail","6":"product_cat-aguas-grises","7":"product_cat-desodorizante","8":"product_cat-powder-es","9":"product_tag-grey-wonder-es","11":"first","12":"instock","13":"shipping-taxable","14":"purchasable","15":"product-type-simple"},"_links":{"self":[{"href":"https:\/\/ewts.it\/es\/wp-json\/wp\/v2\/product\/11276","targetHints":{"allow":["GET"]}}],"collection":[{"href":"https:\/\/ewts.it\/es\/wp-json\/wp\/v2\/product"}],"about":[{"href":"https:\/\/ewts.it\/es\/wp-json\/wp\/v2\/types\/product"}],"version-history":[{"count":1,"href":"https:\/\/ewts.it\/es\/wp-json\/wp\/v2\/product\/11276\/revisions"}],"predecessor-version":[{"id":11422,"href":"https:\/\/ewts.it\/es\/wp-json\/wp\/v2\/product\/11276\/revisions\/11422"}],"wp:featuredmedia":[{"embeddable":true,"href":"https:\/\/ewts.it\/es\/wp-json\/wp\/v2\/media\/11155"}],"wp:attachment":[{"href":"https:\/\/ewts.it\/es\/wp-json\/wp\/v2\/media?parent=11276"}],"wp:term":[{"taxonomy":"product_brand","embeddable":true,"href":"https:\/\/ewts.it\/es\/wp-json\/wp\/v2\/product_brand?post=11276"},{"taxonomy":"product_cat","embeddable":true,"href":"https:\/\/ewts.it\/es\/wp-json\/wp\/v2\/product_cat?post=11276"},{"taxonomy":"product_tag","embeddable":true,"href":"https:\/\/ewts.it\/es\/wp-json\/wp\/v2\/product_tag?post=11276"}],"curies":[{"name":"wp","href":"https:\/\/api.w.org\/{rel}","templated":true}]}}