{"id":9600,"date":"2023-06-08T23:04:02","date_gmt":"2023-06-08T21:04:02","guid":{"rendered":"https:\/\/ewts.it\/product\/ewts-marine\/"},"modified":"2023-06-23T18:18:23","modified_gmt":"2023-06-23T16:18:23","slug":"ewts-marine","status":"publish","type":"product","link":"https:\/\/ewts.it\/es\/shop\/ewts-marine\/","title":{"rendered":"EWTS Marine"},"content":{"rendered":"","protected":false},"excerpt":{"rendered":"<p>EWTS Marine es nuestra opci\u00f3n m\u00e1s eficaz para los grandes dep\u00f3sitos residuales en barcos y yates.<\/p>\n","protected":false},"featured_media":18224,"template":"","meta":[],"product_brand":[],"product_cat":[84,83,94,89,82],"product_tag":[92,88,93,95,90,91],"class_list":{"0":"post-9600","1":"product","2":"type-product","3":"status-publish","4":"has-post-thumbnail","6":"product_cat-aguas-negras","7":"product_cat-desodorizante","8":"product_cat-ewts-marine-es","9":"product_cat-marinas","10":"product_cat-sobre","11":"product_tag-aguas-negras","12":"product_tag-desodorizante","13":"product_tag-digestor-de-residuos","14":"product_tag-ewts-marine-es","15":"product_tag-marinas","16":"product_tag-sobre","18":"first","19":"outofstock","20":"shipping-taxable","21":"purchasable","22":"product-type-simple"},"_links":{"self":[{"href":"https:\/\/ewts.it\/es\/wp-json\/wp\/v2\/product\/9600","targetHints":{"allow":["GET"]}}],"collection":[{"href":"https:\/\/ewts.it\/es\/wp-json\/wp\/v2\/product"}],"about":[{"href":"https:\/\/ewts.it\/es\/wp-json\/wp\/v2\/types\/product"}],"version-history":[{"count":2,"href":"https:\/\/ewts.it\/es\/wp-json\/wp\/v2\/product\/9600\/revisions"}],"predecessor-version":[{"id":9761,"href":"https:\/\/ewts.it\/es\/wp-json\/wp\/v2\/product\/9600\/revisions\/9761"}],"wp:featuredmedia":[{"embeddable":true,"href":"https:\/\/ewts.it\/es\/wp-json\/wp\/v2\/media\/18224"}],"wp:attachment":[{"href":"https:\/\/ewts.it\/es\/wp-json\/wp\/v2\/media?parent=9600"}],"wp:term":[{"taxonomy":"product_brand","embeddable":true,"href":"https:\/\/ewts.it\/es\/wp-json\/wp\/v2\/product_brand?post=9600"},{"taxonomy":"product_cat","embeddable":true,"href":"https:\/\/ewts.it\/es\/wp-json\/wp\/v2\/product_cat?post=9600"},{"taxonomy":"product_tag","embeddable":true,"href":"https:\/\/ewts.it\/es\/wp-json\/wp\/v2\/product_tag?post=9600"}],"curies":[{"name":"wp","href":"https:\/\/api.w.org\/{rel}","templated":true}]}}